{"id":2128,"date":"2024-08-22T17:07:33","date_gmt":"2024-08-22T15:07:33","guid":{"rendered":"https:\/\/yeshigroup.com\/yeshi\/?page_id=2128"},"modified":"2025-03-19T12:29:26","modified_gmt":"2025-03-19T11:29:26","slug":"colalu-3","status":"publish","type":"page","link":"https:\/\/yeshigroup.com\/yeshi\/colalu-3\/","title":{"rendered":"Colalu"},"content":{"rendered":"<style>.elementor-2128 .elementor-element.elementor-element-c4aa065{--display:flex;--flex-direction:row;--container-widget-width:calc( ( 1 - var( --container-widget-flex-grow ) ) * 100% );--container-widget-height:100%;--container-widget-flex-grow:1;--container-widget-align-self:stretch;--flex-wrap-mobile:wrap;--align-items:stretch;--gap:10px 10px;--row-gap:10px;--column-gap:10px;--overlay-opacity:0.5;--padding-top:250px;--padding-bottom:100px;--padding-left:0px;--padding-right:0px;}.elementor-2128 .elementor-element.elementor-element-c4aa065:not(.elementor-motion-effects-element-type-background), .elementor-2128 .elementor-element.elementor-element-c4aa065 > .elementor-motion-effects-container > .elementor-motion-effects-layer{background-image:url(\"https:\/\/yeshigroup.com\/yeshi\/wp-content\/uploads\/2024\/08\/pix_page_societe_colalu3.jpg\");background-position:center center;background-repeat:no-repeat;background-size:cover;}.elementor-2128 .elementor-element.elementor-element-c4aa065::before, .elementor-2128 .elementor-element.elementor-element-c4aa065 > .elementor-background-video-container::before, .elementor-2128 .elementor-element.elementor-element-c4aa065 > .e-con-inner > .elementor-background-video-container::before, .elementor-2128 .elementor-element.elementor-element-c4aa065 > .elementor-background-slideshow::before, .elementor-2128 .elementor-element.elementor-element-c4aa065 > .e-con-inner > .elementor-background-slideshow::before, .elementor-2128 .elementor-element.elementor-element-c4aa065 > .elementor-motion-effects-container > .elementor-motion-effects-layer::before{background-color:#000000;--background-overlay:'';}.elementor-2128 .elementor-element.elementor-element-86876d9{--display:flex;}.elementor-2128 .elementor-element.elementor-element-3c64fed{--display:flex;--flex-direction:row;--container-widget-width:calc( ( 1 - var( --container-widget-flex-grow ) ) * 100% );--container-widget-height:100%;--container-widget-flex-grow:1;--container-widget-align-self:stretch;--flex-wrap-mobile:wrap;--align-items:stretch;--gap:10px 10px;--row-gap:10px;--column-gap:10px;--margin-top:65px;--margin-bottom:0px;--margin-left:0px;--margin-right:0px;}.elementor-2128 .elementor-element.elementor-element-73e39ff{--display:flex;}.elementor-widget-image .widget-image-caption{color:var( --e-global-color-text );font-family:var( --e-global-typography-text-font-family ), Sans-serif;font-weight:var( --e-global-typography-text-font-weight );}.elementor-2128 .elementor-element.elementor-element-4024c77 img{width:15%;filter:brightness( 100% ) contrast( 100% ) saturate( 100% ) blur( 0px ) hue-rotate( 0deg );}.elementor-widget-text-editor{font-family:var( --e-global-typography-text-font-family ), Sans-serif;font-weight:var( --e-global-typography-text-font-weight );color:var( --e-global-color-text );}.elementor-widget-text-editor.elementor-drop-cap-view-stacked .elementor-drop-cap{background-color:var( --e-global-color-primary );}.elementor-widget-text-editor.elementor-drop-cap-view-framed .elementor-drop-cap, .elementor-widget-text-editor.elementor-drop-cap-view-default .elementor-drop-cap{color:var( --e-global-color-primary );border-color:var( --e-global-color-primary );}.elementor-2128 .elementor-element.elementor-element-96ab35f > .elementor-widget-container{margin:0px 0px -34px 0px;padding:0px 0px 0px 0px;}.elementor-2128 .elementor-element.elementor-element-96ab35f{text-align:center;font-size:30px;font-weight:400;color:#160ADB;}.elementor-2128 .elementor-element.elementor-element-d8c4e16{margin-top:50px;margin-bottom:0px;}.elementor-widget-heading .elementor-heading-title{font-family:var( --e-global-typography-primary-font-family ), Sans-serif;font-weight:var( --e-global-typography-primary-font-weight );color:var( --e-global-color-primary );}.elementor-2128 .elementor-element.elementor-element-cee9ace{text-align:start;}.elementor-2128 .elementor-element.elementor-element-cee9ace .elementor-heading-title{font-weight:800;color:#2D398E;}.elementor-2128 .elementor-element.elementor-element-7e15485{width:var( --container-widget-width, 100% );max-width:100%;--container-widget-width:100%;--container-widget-flex-grow:0;text-align:start;font-weight:400;color:#333333;}.elementor-2128 .elementor-element.elementor-element-7e15485 > .elementor-widget-container{margin:0px 0px -34px 0px;padding:0px 0px 0px 0px;}.elementor-bc-flex-widget .elementor-2128 .elementor-element.elementor-element-497e778.elementor-column .elementor-widget-wrap{align-items:center;}.elementor-2128 .elementor-element.elementor-element-497e778.elementor-column.elementor-element[data-element_type=\"column\"] > .elementor-widget-wrap.elementor-element-populated{align-content:center;align-items:center;}.elementor-2128 .elementor-element.elementor-element-7b1cdb4{--display:flex;--flex-direction:row;--container-widget-width:calc( ( 1 - var( --container-widget-flex-grow ) ) * 100% );--container-widget-height:100%;--container-widget-flex-grow:1;--container-widget-align-self:stretch;--flex-wrap-mobile:wrap;--align-items:stretch;--gap:10px 10px;--row-gap:10px;--column-gap:10px;--overlay-opacity:0.55;--margin-top:0px;--margin-bottom:0px;--margin-left:0px;--margin-right:0px;--padding-top:150px;--padding-bottom:150px;--padding-left:0px;--padding-right:0px;}.elementor-2128 .elementor-element.elementor-element-7b1cdb4:not(.elementor-motion-effects-element-type-background), .elementor-2128 .elementor-element.elementor-element-7b1cdb4 > .elementor-motion-effects-container > .elementor-motion-effects-layer{background-image:url(\"https:\/\/yeshigroup.com\/yeshi\/wp-content\/uploads\/2024\/08\/pix_page_societe_colalu3.jpg\");background-position:center center;background-repeat:no-repeat;background-size:cover;}.elementor-2128 .elementor-element.elementor-element-7b1cdb4::before, .elementor-2128 .elementor-element.elementor-element-7b1cdb4 > .elementor-background-video-container::before, .elementor-2128 .elementor-element.elementor-element-7b1cdb4 > .e-con-inner > .elementor-background-video-container::before, .elementor-2128 .elementor-element.elementor-element-7b1cdb4 > .elementor-background-slideshow::before, .elementor-2128 .elementor-element.elementor-element-7b1cdb4 > .e-con-inner > .elementor-background-slideshow::before, .elementor-2128 .elementor-element.elementor-element-7b1cdb4 > .elementor-motion-effects-container > .elementor-motion-effects-layer::before{background-color:#000000;--background-overlay:'';}.elementor-2128 .elementor-element.elementor-element-f26fb95{--display:flex;}.elementor-2128 .elementor-element.elementor-element-490ed3e{width:var( --container-widget-width, 100% );max-width:100%;--container-widget-width:100%;--container-widget-flex-grow:0;text-align:center;font-size:20px;font-weight:400;color:#FFFFFF;}.elementor-2128 .elementor-element.elementor-element-490ed3e > .elementor-widget-container{margin:0px 0px 0px 0px;padding:0px 0px 0px 0px;}.elementor-2128 .elementor-element.elementor-element-04baa5f{margin-top:50px;margin-bottom:0px;}.elementor-2128 .elementor-element.elementor-element-3617247{text-align:center;}.elementor-2128 .elementor-element.elementor-element-3617247 .elementor-heading-title{font-weight:800;color:#08345E;}.elementor-2128 .elementor-element.elementor-element-f24919a > .elementor-widget-container{margin:0px 0px 0px 0px;}.elementor-2128 .elementor-element.elementor-element-f24919a{text-align:center;font-family:\"Oxygen\", Sans-serif;font-size:18px;font-weight:400;color:#333333;}.elementor-2128 .elementor-element.elementor-element-8b9b406{--display:flex;--flex-direction:row;--container-widget-width:calc( ( 1 - var( --container-widget-flex-grow ) ) * 100% );--container-widget-height:100%;--container-widget-flex-grow:1;--container-widget-align-self:stretch;--flex-wrap-mobile:wrap;--align-items:stretch;--gap:10px 10px;--row-gap:10px;--column-gap:10px;}.elementor-2128 .elementor-element.elementor-element-c9ed3a4{--display:flex;}.elementor-2128 .elementor-element.elementor-element-630fbe9 img{border-radius:10px 10px 10px 10px;}.elementor-2128 .elementor-element.elementor-element-76dcfe4{text-align:start;}.elementor-2128 .elementor-element.elementor-element-76dcfe4 .elementor-heading-title{font-weight:600;color:#2D398E;}.elementor-2128 .elementor-element.elementor-element-d5b4505{width:var( --container-widget-width, 100% );max-width:100%;--container-widget-width:100%;--container-widget-flex-grow:0;text-align:start;font-size:13px;font-weight:400;line-height:1px;}.elementor-2128 .elementor-element.elementor-element-d5b4505 > .elementor-widget-container{margin:0px 0px 0px 0px;padding:0px 0px 0px 0px;}@media(min-width:768px){.elementor-2128 .elementor-element.elementor-element-c9ed3a4{--width:33.33%;}}@media(max-width:767px){.elementor-2128 .elementor-element.elementor-element-c4aa065{--margin-top:0%;--margin-bottom:0%;--margin-left:0%;--margin-right:0%;}}<\/style>\t\t<div data-elementor-type=\"wp-page\" data-elementor-id=\"2128\" class=\"elementor elementor-2128\" data-elementor-settings=\"{&quot;ha_cmc_init_switcher&quot;:&quot;no&quot;}\" data-elementor-post-type=\"page\">\n\t\t\t\t<div class=\"elementor-element elementor-element-c4aa065 e-con-full e-flex wpr-particle-no wpr-jarallax-no wpr-parallax-no wpr-sticky-section-no e-con e-parent\" data-id=\"c4aa065\" data-element_type=\"container\" data-settings=\"{&quot;background_background&quot;:&quot;classic&quot;,&quot;_ha_eqh_enable&quot;:false}\">\n\t\t<div class=\"elementor-element elementor-element-86876d9 e-con-full e-flex wpr-particle-no wpr-jarallax-no wpr-parallax-no wpr-sticky-section-no e-con e-child\" data-id=\"86876d9\" data-element_type=\"container\" data-settings=\"{&quot;_ha_eqh_enable&quot;:false}\">\n\t\t<div class=\"elementor-element elementor-element-3c64fed e-con-full e-flex wpr-particle-no wpr-jarallax-no wpr-parallax-no wpr-sticky-section-no e-con e-child\" data-id=\"3c64fed\" data-element_type=\"container\" data-settings=\"{&quot;_ha_eqh_enable&quot;:false}\">\n\t\t<div class=\"elementor-element elementor-element-73e39ff e-con-full e-flex wpr-particle-no wpr-jarallax-no wpr-parallax-no wpr-sticky-section-no e-con e-child\" data-id=\"73e39ff\" data-element_type=\"container\" data-settings=\"{&quot;_ha_eqh_enable&quot;:false}\">\n\t\t\t\t<div class=\"elementor-element elementor-element-4024c77 exad-sticky-section-no exad-glass-effect-no elementor-widget elementor-widget-image\" data-id=\"4024c77\" data-element_type=\"widget\" data-widget_type=\"image.default\">\n\t\t\t\t<div class=\"elementor-widget-container\">\n\t\t\t\t\t\t\t\t\t\t\t\t\t\t\t<img fetchpriority=\"high\" decoding=\"async\" width=\"1024\" height=\"1024\" src=\"https:\/\/yeshigroup.com\/yeshi\/wp-content\/uploads\/2024\/08\/COLALU-CENTRAFRIQUE.svg\" class=\"attachment-large size-large wp-image-2132\" alt=\"\" \/>\t\t\t\t\t\t\t\t\t\t\t\t\t\t\t<\/div>\n\t\t\t\t<\/div>\n\t\t\t\t<div class=\"elementor-element elementor-element-96ab35f exad-sticky-section-no exad-glass-effect-no elementor-widget elementor-widget-text-editor\" data-id=\"96ab35f\" data-element_type=\"widget\" data-widget_type=\"text-editor.default\">\n\t\t\t\t<div class=\"elementor-widget-container\">\n\t\t\t\t\t\t\t\t\t<strong><span style=\"color: #2d398e;\">+2 000<\/span><\/strong> <span style=\"color: #ffffff;\">Produits<\/span>\t\t\t\t\t\t\t\t<\/div>\n\t\t\t\t<\/div>\n\t\t\t\t<\/div>\n\t\t\t\t<\/div>\n\t\t\t\t<\/div>\n\t\t\t\t<\/div>\n\t\t\t\t<section class=\"elementor-section elementor-top-section elementor-element elementor-element-d8c4e16 elementor-section-boxed elementor-section-height-default elementor-section-height-default exad-glass-effect-no wpr-particle-no wpr-jarallax-no wpr-parallax-no wpr-sticky-section-no exad-sticky-section-no\" data-id=\"d8c4e16\" data-element_type=\"section\" data-settings=\"{&quot;_ha_eqh_enable&quot;:false}\">\n\t\t\t\t\t\t<div class=\"elementor-container elementor-column-gap-default\">\n\t\t\t\t\t<div class=\"elementor-column elementor-col-50 elementor-top-column elementor-element elementor-element-c8cb758 exad-glass-effect-no exad-sticky-section-no\" data-id=\"c8cb758\" data-element_type=\"column\">\n\t\t\t<div class=\"elementor-widget-wrap elementor-element-populated\">\n\t\t\t\t\t\t<div class=\"elementor-element elementor-element-cee9ace exad-sticky-section-no exad-glass-effect-no elementor-widget elementor-widget-heading\" data-id=\"cee9ace\" data-element_type=\"widget\" data-widget_type=\"heading.default\">\n\t\t\t\t<div class=\"elementor-widget-container\">\n\t\t\t\t\t<h1 class=\"elementor-heading-title elementor-size-default\">Colalu<\/h1>\t\t\t\t<\/div>\n\t\t\t\t<\/div>\n\t\t\t\t<div class=\"elementor-element elementor-element-7e15485 elementor-widget__width-initial exad-sticky-section-no exad-glass-effect-no elementor-widget elementor-widget-text-editor\" data-id=\"7e15485\" data-element_type=\"widget\" data-widget_type=\"text-editor.default\">\n\t\t\t\t<div class=\"elementor-widget-container\">\n\t\t\t\t\t\t\t\t\t<div class=\"page-splitter-65_\"><div class=\"page-splitter-70_\"><div class=\"card-spage-two fadeInUp4 hidden visible animated fadeInUp delay-4 delay-3\"><div class=\"page-padding-w40\"><p class=\"text1\">Entreprise de transformation d&rsquo;aluminium, COLALU est sp\u00e9cialis\u00e9e dans les activit\u00e9s suivantes :<\/p><ul class=\"ul-set\"><li>Transformation des bandes en aluminium et aciers en t\u00f4les ondul\u00e9es et Bacs.<\/li><li>Transformation des disques en Aluminium en Articles de m\u00e9nage.<\/li><li>Ventes des produits ondul\u00e9es et Articles de M\u00e9nage en n\u00e9goces.<\/li><\/ul><p class=\"text1\">Un alliage judicieux d&rsquo;expertise, de partenariats et de dynamisme a permis \u00e0 l&rsquo;entreprise de se positionner comme une r\u00e9f\u00e9rence dans la transformation de l&rsquo;aluminium en Centrafrique.<\/p><\/div><\/div><\/div><\/div>\t\t\t\t\t\t\t\t<\/div>\n\t\t\t\t<\/div>\n\t\t\t\t\t<\/div>\n\t\t<\/div>\n\t\t\t\t<div class=\"elementor-column elementor-col-50 elementor-top-column elementor-element elementor-element-497e778 exad-glass-effect-no exad-sticky-section-no\" data-id=\"497e778\" data-element_type=\"column\">\n\t\t\t<div class=\"elementor-widget-wrap elementor-element-populated\">\n\t\t\t\t\t\t<div class=\"elementor-element elementor-element-ddc59b4 exad-sticky-section-no exad-glass-effect-no elementor-widget elementor-widget-image\" data-id=\"ddc59b4\" data-element_type=\"widget\" data-widget_type=\"image.default\">\n\t\t\t\t<div class=\"elementor-widget-container\">\n\t\t\t\t\t\t\t\t\t\t\t\t\t\t\t<img decoding=\"async\" width=\"1024\" height=\"935\" src=\"https:\/\/yeshigroup.com\/yeshi\/wp-content\/uploads\/2024\/10\/1pix_page_societe_alucongo2-1024x935.jpg\" class=\"attachment-large size-large wp-image-2782\" alt=\"\" srcset=\"https:\/\/yeshigroup.com\/yeshi\/wp-content\/uploads\/2024\/10\/1pix_page_societe_alucongo2-1024x935.jpg 1024w, https:\/\/yeshigroup.com\/yeshi\/wp-content\/uploads\/2024\/10\/1pix_page_societe_alucongo2-300x274.jpg 300w, https:\/\/yeshigroup.com\/yeshi\/wp-content\/uploads\/2024\/10\/1pix_page_societe_alucongo2-768x701.jpg 768w, https:\/\/yeshigroup.com\/yeshi\/wp-content\/uploads\/2024\/10\/1pix_page_societe_alucongo2.jpg 1466w\" sizes=\"(max-width: 1024px) 100vw, 1024px\" \/>\t\t\t\t\t\t\t\t\t\t\t\t\t\t\t<\/div>\n\t\t\t\t<\/div>\n\t\t\t\t\t<\/div>\n\t\t<\/div>\n\t\t\t\t\t<\/div>\n\t\t<\/section>\n\t\t<div class=\"elementor-element elementor-element-7b1cdb4 e-flex e-con-boxed wpr-particle-no wpr-jarallax-no wpr-parallax-no wpr-sticky-section-no e-con e-parent\" data-id=\"7b1cdb4\" data-element_type=\"container\" data-settings=\"{&quot;background_background&quot;:&quot;classic&quot;,&quot;_ha_eqh_enable&quot;:false}\">\n\t\t\t\t\t<div class=\"e-con-inner\">\n\t\t<div class=\"elementor-element elementor-element-f26fb95 e-con-full e-flex wpr-particle-no wpr-jarallax-no wpr-parallax-no wpr-sticky-section-no e-con e-child\" data-id=\"f26fb95\" data-element_type=\"container\" data-settings=\"{&quot;_ha_eqh_enable&quot;:false}\">\n\t\t\t\t<div class=\"elementor-element elementor-element-490ed3e elementor-widget__width-initial exad-sticky-section-no exad-glass-effect-no elementor-widget elementor-widget-text-editor\" data-id=\"490ed3e\" data-element_type=\"widget\" data-widget_type=\"text-editor.default\">\n\t\t\t\t<div class=\"elementor-widget-container\">\n\t\t\t\t\t\t\t\t\t<p>Son ouverture sur les nouveaux proc\u00e9d\u00e9s et technologie, sa constante recherche en d\u00e9veloppement contribuent \u00e0 sa comp\u00e9titivit\u00e9. COLALU a toujours pour souci de s&rsquo;adapter aux besoins des acheteurs et offrir \u00e0 ces derniers des produits de qualit\u00e9. Ainsi les comp\u00e9tences acquises dans la transformation de l&rsquo;aluminium ont permis de demeurer comp\u00e9titive et d&rsquo;optimiser sa production.<\/p>\t\t\t\t\t\t\t\t<\/div>\n\t\t\t\t<\/div>\n\t\t\t\t<\/div>\n\t\t\t\t\t<\/div>\n\t\t\t\t<\/div>\n\t\t\t\t<section class=\"elementor-section elementor-top-section elementor-element elementor-element-40bd370 elementor-section-boxed elementor-section-height-default elementor-section-height-default exad-glass-effect-no wpr-particle-no wpr-jarallax-no wpr-parallax-no wpr-sticky-section-no exad-sticky-section-no\" data-id=\"40bd370\" data-element_type=\"section\" data-settings=\"{&quot;_ha_eqh_enable&quot;:false}\">\n\t\t\t\t\t\t<div class=\"elementor-container elementor-column-gap-default\">\n\t\t\t\t\t<div class=\"elementor-column elementor-col-100 elementor-top-column elementor-element elementor-element-e846320 exad-glass-effect-no exad-sticky-section-no\" data-id=\"e846320\" data-element_type=\"column\">\n\t\t\t<div class=\"elementor-widget-wrap elementor-element-populated\">\n\t\t\t\t\t\t<section class=\"elementor-section elementor-inner-section elementor-element elementor-element-04baa5f elementor-section-boxed elementor-section-height-default elementor-section-height-default exad-glass-effect-no wpr-particle-no wpr-jarallax-no wpr-parallax-no wpr-sticky-section-no exad-sticky-section-no\" data-id=\"04baa5f\" data-element_type=\"section\" data-settings=\"{&quot;_ha_eqh_enable&quot;:false}\">\n\t\t\t\t\t\t<div class=\"elementor-container elementor-column-gap-default\">\n\t\t\t\t\t<div class=\"elementor-column elementor-col-100 elementor-inner-column elementor-element elementor-element-31aa4dd exad-glass-effect-no exad-sticky-section-no\" data-id=\"31aa4dd\" data-element_type=\"column\">\n\t\t\t<div class=\"elementor-widget-wrap elementor-element-populated\">\n\t\t\t\t\t\t<div class=\"elementor-element elementor-element-3617247 exad-sticky-section-no exad-glass-effect-no elementor-widget elementor-widget-heading\" data-id=\"3617247\" data-element_type=\"widget\" data-widget_type=\"heading.default\">\n\t\t\t\t<div class=\"elementor-widget-container\">\n\t\t\t\t\t<h1 class=\"elementor-heading-title elementor-size-default\">Notre pr\u00e9sence<\/h1>\t\t\t\t<\/div>\n\t\t\t\t<\/div>\n\t\t\t\t<div class=\"elementor-element elementor-element-f24919a elementor-hidden-desktop elementor-hidden-tablet elementor-hidden-mobile exad-sticky-section-no exad-glass-effect-no elementor-widget elementor-widget-text-editor\" data-id=\"f24919a\" data-element_type=\"widget\" data-widget_type=\"text-editor.default\">\n\t\t\t\t<div class=\"elementor-widget-container\">\n\t\t\t\t\t\t\t\t\t<p>L\u2019enseigne est pr\u00e9sente dans 3 pays africains avec 5 \u00e9tablissements.<\/p>\t\t\t\t\t\t\t\t<\/div>\n\t\t\t\t<\/div>\n\t\t\t\t\t<\/div>\n\t\t<\/div>\n\t\t\t\t\t<\/div>\n\t\t<\/section>\n\t\t<div class=\"elementor-element elementor-element-8b9b406 e-con-full e-flex wpr-particle-no wpr-jarallax-no wpr-parallax-no wpr-sticky-section-no e-con e-parent\" data-id=\"8b9b406\" data-element_type=\"container\" data-settings=\"{&quot;_ha_eqh_enable&quot;:false}\">\n\t\t<div class=\"elementor-element elementor-element-c9ed3a4 e-con-full e-flex wpr-particle-no wpr-jarallax-no wpr-parallax-no wpr-sticky-section-no e-con e-child\" data-id=\"c9ed3a4\" data-element_type=\"container\" data-settings=\"{&quot;_ha_eqh_enable&quot;:false}\">\n\t\t\t\t<div class=\"elementor-element elementor-element-630fbe9 exad-sticky-section-no exad-glass-effect-no elementor-widget elementor-widget-image\" data-id=\"630fbe9\" data-element_type=\"widget\" data-widget_type=\"image.default\">\n\t\t\t\t<div class=\"elementor-widget-container\">\n\t\t\t\t\t\t\t\t\t\t\t\t\t\t\t<img decoding=\"async\" width=\"724\" height=\"400\" src=\"https:\/\/yeshigroup.com\/yeshi\/wp-content\/uploads\/2024\/08\/pix_page_societe_colalu2.jpg\" class=\"attachment-large size-large wp-image-2137\" alt=\"\" srcset=\"https:\/\/yeshigroup.com\/yeshi\/wp-content\/uploads\/2024\/08\/pix_page_societe_colalu2.jpg 724w, https:\/\/yeshigroup.com\/yeshi\/wp-content\/uploads\/2024\/08\/pix_page_societe_colalu2-300x166.jpg 300w\" sizes=\"(max-width: 724px) 100vw, 724px\" \/>\t\t\t\t\t\t\t\t\t\t\t\t\t\t\t<\/div>\n\t\t\t\t<\/div>\n\t\t\t\t<div class=\"elementor-element elementor-element-76dcfe4 exad-sticky-section-no exad-glass-effect-no elementor-widget elementor-widget-heading\" data-id=\"76dcfe4\" data-element_type=\"widget\" data-widget_type=\"heading.default\">\n\t\t\t\t<div class=\"elementor-widget-container\">\n\t\t\t\t\t<h6 class=\"elementor-heading-title elementor-size-default\">COLALU (Centre Afrique)<\/h6>\t\t\t\t<\/div>\n\t\t\t\t<\/div>\n\t\t\t\t<div class=\"elementor-element elementor-element-d5b4505 elementor-widget__width-initial exad-sticky-section-no exad-glass-effect-no elementor-widget elementor-widget-text-editor\" data-id=\"d5b4505\" data-element_type=\"widget\" data-widget_type=\"text-editor.default\">\n\t\t\t\t<div class=\"elementor-widget-container\">\n\t\t\t\t\t\t\t\t\t<p>BP 1326 Bangui \u2013 Centre Afrique<\/p><p>T\u00e9l: +236 75 50 34 83<\/p><p>Email : info.ct@colalu.com<\/p><p><a href=\"http:\/\/www.colalu.com\/\"><span class=\"text-presentation1\">\u00a0www.colalu.com<\/span><\/a><\/p>\t\t\t\t\t\t\t\t<\/div>\n\t\t\t\t<\/div>\n\t\t\t\t<\/div>\n\t\t\t\t<\/div>\n\t\t\t\t\t<\/div>\n\t\t<\/div>\n\t\t\t\t\t<\/div>\n\t\t<\/section>\n\t\t\t\t<\/div>\n\t\t","protected":false},"excerpt":{"rendered":"<p>+2 000 Produits Colalu Entreprise de transformation d&rsquo;aluminium, COLALU est sp\u00e9cialis\u00e9e dans les activit\u00e9s suivantes : Transformation des bandes en aluminium et aciers en t\u00f4les ondul\u00e9es et Bacs. Transformation des disques en Aluminium en Articles de m\u00e9nage. Ventes des produits ondul\u00e9es et Articles de M\u00e9nage en n\u00e9goces. Un alliage judicieux d&rsquo;expertise, de partenariats et de dynamisme a permis \u00e0 l&rsquo;entreprise de se positionner comme une r\u00e9f\u00e9rence dans la transformation de l&rsquo;aluminium en Centrafrique. Son ouverture sur les nouveaux proc\u00e9d\u00e9s et technologie, sa constante recherche en d\u00e9veloppement contribuent \u00e0 sa comp\u00e9titivit\u00e9. COLALU a toujours pour souci de s&rsquo;adapter aux besoins des acheteurs et offrir \u00e0 ces derniers des produits de qualit\u00e9. Ainsi les comp\u00e9tences acquises dans la transformation de l&rsquo;aluminium ont permis de demeurer comp\u00e9titive et d&rsquo;optimiser sa production. Notre pr\u00e9sence L\u2019enseigne est pr\u00e9sente dans 3 pays africains avec 5 \u00e9tablissements. COLALU (Centre Afrique) BP 1326 Bangui \u2013 Centre Afrique T\u00e9l: +236 75 50 34 83 Email : info.ct@colalu.com \u00a0www.colalu.com<\/p>\n","protected":false},"author":5,"featured_media":0,"parent":0,"menu_order":0,"comment_status":"closed","ping_status":"closed","template":"elementor_header_footer","meta":{"_acf_changed":false,"site-sidebar-layout":"no-sidebar","site-content-layout":"page-builder","ast-site-content-layout":"","site-content-style":"default","site-sidebar-style":"default","ast-global-header-display":"","ast-banner-title-visibility":"","ast-main-header-display":"","ast-hfb-above-header-display":"","ast-hfb-below-header-display":"","ast-hfb-mobile-header-display":"","site-post-title":"disabled","ast-breadcrumbs-content":"","ast-featured-img":"disabled","footer-sml-layout":"","theme-transparent-header-meta":"","adv-header-id-meta":"","stick-header-meta":"","header-above-stick-meta":"","header-main-stick-meta":"","header-below-stick-meta":"","astra-migrate-meta-layouts":"default","ast-page-background-enabled":"default","ast-page-background-meta":{"desktop":{"background-color":"var(--ast-global-color-4)","background-image":"","background-repeat":"repeat","background-position":"center center","background-size":"auto","background-attachment":"scroll","background-type":"","background-media":"","overlay-type":"","overlay-color":"","overlay-opacity":"","overlay-gradient":""},"tablet":{"background-color":"","background-image":"","background-repeat":"repeat","background-position":"center center","background-size":"auto","background-attachment":"scroll","background-type":"","background-media":"","overlay-type":"","overlay-color":"","overlay-opacity":"","overlay-gradient":""},"mobile":{"background-color":"","background-image":"","background-repeat":"repeat","background-position":"center center","background-size":"auto","background-attachment":"scroll","background-type":"","background-media":"","overlay-type":"","overlay-color":"","overlay-opacity":"","overlay-gradient":""}},"ast-content-background-meta":{"desktop":{"background-color":"var(--ast-global-color-5)","background-image":"","background-repeat":"repeat","background-position":"center center","background-size":"auto","background-attachment":"scroll","background-type":"","background-media":"","overlay-type":"","overlay-color":"","overlay-opacity":"","overlay-gradient":""},"tablet":{"background-color":"var(--ast-global-color-5)","background-image":"","background-repeat":"repeat","background-position":"center center","background-size":"auto","background-attachment":"scroll","background-type":"","background-media":"","overlay-type":"","overlay-color":"","overlay-opacity":"","overlay-gradient":""},"mobile":{"background-color":"var(--ast-global-color-5)","background-image":"","background-repeat":"repeat","background-position":"center center","background-size":"auto","background-attachment":"scroll","background-type":"","background-media":"","overlay-type":"","overlay-color":"","overlay-opacity":"","overlay-gradient":""}},"footnotes":""},"class_list":["post-2128","page","type-page","status-publish","hentry"],"acf":[],"_links":{"self":[{"href":"https:\/\/yeshigroup.com\/yeshi\/wp-json\/wp\/v2\/pages\/2128","targetHints":{"allow":["GET"]}}],"collection":[{"href":"https:\/\/yeshigroup.com\/yeshi\/wp-json\/wp\/v2\/pages"}],"about":[{"href":"https:\/\/yeshigroup.com\/yeshi\/wp-json\/wp\/v2\/types\/page"}],"author":[{"embeddable":true,"href":"https:\/\/yeshigroup.com\/yeshi\/wp-json\/wp\/v2\/users\/5"}],"replies":[{"embeddable":true,"href":"https:\/\/yeshigroup.com\/yeshi\/wp-json\/wp\/v2\/comments?post=2128"}],"version-history":[{"count":30,"href":"https:\/\/yeshigroup.com\/yeshi\/wp-json\/wp\/v2\/pages\/2128\/revisions"}],"predecessor-version":[{"id":3542,"href":"https:\/\/yeshigroup.com\/yeshi\/wp-json\/wp\/v2\/pages\/2128\/revisions\/3542"}],"wp:attachment":[{"href":"https:\/\/yeshigroup.com\/yeshi\/wp-json\/wp\/v2\/media?parent=2128"}],"curies":[{"name":"wp","href":"https:\/\/api.w.org\/{rel}","templated":true}]}}