{"id":2171,"date":"2024-08-26T13:10:37","date_gmt":"2024-08-26T11:10:37","guid":{"rendered":"https:\/\/yeshigroup.com\/yeshi\/?page_id=2171"},"modified":"2025-02-13T12:31:23","modified_gmt":"2025-02-13T11:31:23","slug":"rim-commerce-4","status":"publish","type":"page","link":"https:\/\/yeshigroup.com\/yeshi\/rim-commerce-4\/","title":{"rendered":"RIM COMMERCE"},"content":{"rendered":"<style>.elementor-2171 .elementor-element.elementor-element-c4aa065{--display:flex;--flex-direction:row;--container-widget-width:calc( ( 1 - var( --container-widget-flex-grow ) ) * 100% );--container-widget-height:100%;--container-widget-flex-grow:1;--container-widget-align-self:stretch;--flex-wrap-mobile:wrap;--align-items:stretch;--gap:10px 10px;--row-gap:10px;--column-gap:10px;--overlay-opacity:0.5;--padding-top:250px;--padding-bottom:100px;--padding-left:0px;--padding-right:0px;}.elementor-2171 .elementor-element.elementor-element-c4aa065:not(.elementor-motion-effects-element-type-background), .elementor-2171 .elementor-element.elementor-element-c4aa065 > .elementor-motion-effects-container > .elementor-motion-effects-layer{background-image:url(\"https:\/\/yeshigroup.com\/yeshi\/wp-content\/uploads\/2024\/08\/pix_page_societe_rimcommerce2.jpg\");background-position:center center;background-repeat:no-repeat;background-size:cover;}.elementor-2171 .elementor-element.elementor-element-c4aa065::before, .elementor-2171 .elementor-element.elementor-element-c4aa065 > .elementor-background-video-container::before, .elementor-2171 .elementor-element.elementor-element-c4aa065 > .e-con-inner > .elementor-background-video-container::before, .elementor-2171 .elementor-element.elementor-element-c4aa065 > .elementor-background-slideshow::before, .elementor-2171 .elementor-element.elementor-element-c4aa065 > .e-con-inner > .elementor-background-slideshow::before, .elementor-2171 .elementor-element.elementor-element-c4aa065 > .elementor-motion-effects-container > .elementor-motion-effects-layer::before{background-color:#000000;--background-overlay:'';}.elementor-2171 .elementor-element.elementor-element-86876d9{--display:flex;}.elementor-2171 .elementor-element.elementor-element-3c64fed{--display:flex;--flex-direction:row;--container-widget-width:calc( ( 1 - var( --container-widget-flex-grow ) ) * 100% );--container-widget-height:100%;--container-widget-flex-grow:1;--container-widget-align-self:stretch;--flex-wrap-mobile:wrap;--align-items:stretch;--gap:10px 10px;--row-gap:10px;--column-gap:10px;--margin-top:65px;--margin-bottom:0px;--margin-left:0px;--margin-right:0px;}.elementor-2171 .elementor-element.elementor-element-73e39ff{--display:flex;}.elementor-widget-image .widget-image-caption{color:var( --e-global-color-text );font-family:var( --e-global-typography-text-font-family ), Sans-serif;font-weight:var( --e-global-typography-text-font-weight );}.elementor-2171 .elementor-element.elementor-element-4024c77 img{width:15%;filter:brightness( 100% ) contrast( 100% ) saturate( 100% ) blur( 0px ) hue-rotate( 0deg );}.elementor-widget-text-editor{font-family:var( --e-global-typography-text-font-family ), Sans-serif;font-weight:var( --e-global-typography-text-font-weight );color:var( --e-global-color-text );}.elementor-widget-text-editor.elementor-drop-cap-view-stacked .elementor-drop-cap{background-color:var( --e-global-color-primary );}.elementor-widget-text-editor.elementor-drop-cap-view-framed .elementor-drop-cap, .elementor-widget-text-editor.elementor-drop-cap-view-default .elementor-drop-cap{color:var( --e-global-color-primary );border-color:var( --e-global-color-primary );}.elementor-2171 .elementor-element.elementor-element-96ab35f > .elementor-widget-container{margin:0px 0px -34px 0px;padding:0px 0px 0px 0px;}.elementor-2171 .elementor-element.elementor-element-96ab35f{text-align:center;font-family:\"Futura\", Sans-serif;font-size:30px;font-weight:800;color:#FFFFFF;}.elementor-2171 .elementor-element.elementor-element-d8c4e16{margin-top:50px;margin-bottom:0px;}.elementor-widget-heading .elementor-heading-title{font-family:var( --e-global-typography-primary-font-family ), Sans-serif;font-weight:var( --e-global-typography-primary-font-weight );color:var( --e-global-color-primary );}.elementor-2171 .elementor-element.elementor-element-cee9ace{text-align:start;}.elementor-2171 .elementor-element.elementor-element-cee9ace .elementor-heading-title{font-family:\"Futura\", Sans-serif;font-size:55px;font-weight:800;color:#2D398E;}.elementor-2171 .elementor-element.elementor-element-7e15485{width:var( --container-widget-width, 100% );max-width:100%;--container-widget-width:100%;--container-widget-flex-grow:0;text-align:justify;font-family:\"Futura\", Sans-serif;font-size:18px;font-weight:400;color:#333333;}.elementor-2171 .elementor-element.elementor-element-7e15485 > .elementor-widget-container{margin:0px 0px 10px 0px;padding:0px 0px 0px 0px;}.elementor-bc-flex-widget .elementor-2171 .elementor-element.elementor-element-497e778.elementor-column .elementor-widget-wrap{align-items:center;}.elementor-2171 .elementor-element.elementor-element-497e778.elementor-column.elementor-element[data-element_type=\"column\"] > .elementor-widget-wrap.elementor-element-populated{align-content:center;align-items:center;}.elementor-2171 .elementor-element.elementor-element-04baa5f{margin-top:50px;margin-bottom:0px;}.elementor-widget-divider{--divider-color:var( --e-global-color-secondary );}.elementor-widget-divider .elementor-divider__text{color:var( --e-global-color-secondary );font-family:var( --e-global-typography-secondary-font-family ), Sans-serif;font-weight:var( --e-global-typography-secondary-font-weight );}.elementor-widget-divider.elementor-view-stacked .elementor-icon{background-color:var( --e-global-color-secondary );}.elementor-widget-divider.elementor-view-framed .elementor-icon, .elementor-widget-divider.elementor-view-default .elementor-icon{color:var( --e-global-color-secondary );border-color:var( --e-global-color-secondary );}.elementor-widget-divider.elementor-view-framed .elementor-icon, .elementor-widget-divider.elementor-view-default .elementor-icon svg{fill:var( --e-global-color-secondary );}.elementor-2171 .elementor-element.elementor-element-7f2c545{--divider-border-style:solid;--divider-color:#F2F2F2;--divider-border-width:1px;}.elementor-2171 .elementor-element.elementor-element-7f2c545 .elementor-divider-separator{width:100%;}.elementor-2171 .elementor-element.elementor-element-7f2c545 .elementor-divider{padding-block-start:30px;padding-block-end:30px;}.elementor-2171 .elementor-element.elementor-element-3617247{text-align:center;}.elementor-2171 .elementor-element.elementor-element-3617247 .elementor-heading-title{font-family:\"Futura\", Sans-serif;font-size:55px;font-weight:800;color:#08345E;}.elementor-2171 .elementor-element.elementor-element-f24919a > .elementor-widget-container{margin:0px 0px 0px 0px;}.elementor-2171 .elementor-element.elementor-element-f24919a{text-align:center;font-family:\"Oxygen\", Sans-serif;font-size:15px;font-weight:400;color:#B3B3B3;}.elementor-2171 .elementor-element.elementor-element-8b9b406{--display:flex;--flex-direction:row;--container-widget-width:calc( ( 1 - var( --container-widget-flex-grow ) ) * 100% );--container-widget-height:100%;--container-widget-flex-grow:1;--container-widget-align-self:stretch;--flex-wrap-mobile:wrap;--align-items:stretch;--gap:10px 10px;--row-gap:10px;--column-gap:10px;}.elementor-2171 .elementor-element.elementor-element-c9ed3a4{--display:flex;}.elementor-2171 .elementor-element.elementor-element-630fbe9 img{border-radius:10px 10px 10px 10px;}.elementor-2171 .elementor-element.elementor-element-76dcfe4{text-align:start;}.elementor-2171 .elementor-element.elementor-element-76dcfe4 .elementor-heading-title{font-family:\"Futura\", Sans-serif;font-weight:800;color:#2D398E;}.elementor-2171 .elementor-element.elementor-element-d5b4505{width:var( --container-widget-width, 100% );max-width:100%;--container-widget-width:100%;--container-widget-flex-grow:0;text-align:start;font-family:\"Futura\", Sans-serif;font-size:14px;font-weight:400;line-height:1px;color:#333333;}.elementor-2171 .elementor-element.elementor-element-d5b4505 > .elementor-widget-container{margin:0px 0px 0px 0px;padding:0px 0px 0px 0px;}@media(min-width:768px){.elementor-2171 .elementor-element.elementor-element-c9ed3a4{--width:33.33%;}}@media(max-width:767px){.elementor-2171 .elementor-element.elementor-element-c4aa065{--margin-top:0%;--margin-bottom:0%;--margin-left:0%;--margin-right:0%;}}<\/style>\t\t<div data-elementor-type=\"wp-page\" data-elementor-id=\"2171\" class=\"elementor elementor-2171\" data-elementor-settings=\"{&quot;ha_cmc_init_switcher&quot;:&quot;no&quot;}\" data-elementor-post-type=\"page\">\n\t\t\t\t<div class=\"elementor-element elementor-element-c4aa065 e-con-full e-flex wpr-particle-no wpr-jarallax-no wpr-parallax-no wpr-sticky-section-no e-con e-parent\" data-id=\"c4aa065\" data-element_type=\"container\" data-settings=\"{&quot;background_background&quot;:&quot;classic&quot;,&quot;_ha_eqh_enable&quot;:false}\">\n\t\t<div class=\"elementor-element elementor-element-86876d9 e-con-full e-flex wpr-particle-no wpr-jarallax-no wpr-parallax-no wpr-sticky-section-no e-con e-child\" data-id=\"86876d9\" data-element_type=\"container\" data-settings=\"{&quot;_ha_eqh_enable&quot;:false}\">\n\t\t<div class=\"elementor-element elementor-element-3c64fed e-con-full e-flex wpr-particle-no wpr-jarallax-no wpr-parallax-no wpr-sticky-section-no e-con e-child\" data-id=\"3c64fed\" data-element_type=\"container\" data-settings=\"{&quot;_ha_eqh_enable&quot;:false}\">\n\t\t<div class=\"elementor-element elementor-element-73e39ff e-con-full e-flex wpr-particle-no wpr-jarallax-no wpr-parallax-no wpr-sticky-section-no e-con e-child\" data-id=\"73e39ff\" data-element_type=\"container\" data-settings=\"{&quot;_ha_eqh_enable&quot;:false}\">\n\t\t\t\t<div class=\"elementor-element elementor-element-4024c77 exad-sticky-section-no exad-glass-effect-no elementor-widget elementor-widget-image\" data-id=\"4024c77\" data-element_type=\"widget\" data-widget_type=\"image.default\">\n\t\t\t\t<div class=\"elementor-widget-container\">\n\t\t\t\t\t\t\t\t\t\t\t\t\t\t\t<img decoding=\"async\" src=\"https:\/\/yeshigroup.com\/yeshi\/wp-content\/uploads\/2023\/10\/RIM-COMMERCE-1.png\" title=\"\" alt=\"\" loading=\"lazy\" \/>\t\t\t\t\t\t\t\t\t\t\t\t\t\t\t<\/div>\n\t\t\t\t<\/div>\n\t\t\t\t<div class=\"elementor-element elementor-element-96ab35f exad-sticky-section-no exad-glass-effect-no elementor-widget elementor-widget-text-editor\" data-id=\"96ab35f\" data-element_type=\"widget\" data-widget_type=\"text-editor.default\">\n\t\t\t\t<div class=\"elementor-widget-container\">\n\t\t\t\t\t\t\t\t\t<p><strong>+6 000<\/strong> <span style=\"color: #ffffff;\">Produits<\/span><\/p>\t\t\t\t\t\t\t\t<\/div>\n\t\t\t\t<\/div>\n\t\t\t\t<\/div>\n\t\t\t\t<\/div>\n\t\t\t\t<\/div>\n\t\t\t\t<\/div>\n\t\t\t\t<section class=\"elementor-section elementor-top-section elementor-element elementor-element-d8c4e16 elementor-section-boxed elementor-section-height-default elementor-section-height-default exad-glass-effect-no wpr-particle-no wpr-jarallax-no wpr-parallax-no wpr-sticky-section-no exad-sticky-section-no\" data-id=\"d8c4e16\" data-element_type=\"section\" data-settings=\"{&quot;_ha_eqh_enable&quot;:false}\">\n\t\t\t\t\t\t<div class=\"elementor-container elementor-column-gap-default\">\n\t\t\t\t\t<div class=\"elementor-column elementor-col-50 elementor-top-column elementor-element elementor-element-c8cb758 exad-glass-effect-no exad-sticky-section-no\" data-id=\"c8cb758\" data-element_type=\"column\">\n\t\t\t<div class=\"elementor-widget-wrap elementor-element-populated\">\n\t\t\t\t\t\t<div class=\"elementor-element elementor-element-cee9ace exad-sticky-section-no exad-glass-effect-no elementor-widget elementor-widget-heading\" data-id=\"cee9ace\" data-element_type=\"widget\" data-widget_type=\"heading.default\">\n\t\t\t\t<div class=\"elementor-widget-container\">\n\t\t\t\t\t<h1 class=\"elementor-heading-title elementor-size-default\">RIM COMMERCE<\/h1>\t\t\t\t<\/div>\n\t\t\t\t<\/div>\n\t\t\t\t<div class=\"elementor-element elementor-element-7e15485 elementor-widget__width-initial exad-sticky-section-no exad-glass-effect-no elementor-widget elementor-widget-text-editor\" data-id=\"7e15485\" data-element_type=\"widget\" data-widget_type=\"text-editor.default\">\n\t\t\t\t<div class=\"elementor-widget-container\">\n\t\t\t\t\t\t\t\t\t<div class=\"page-splitter-65_\"><div class=\"page-splitter-70_\"><div class=\"card-spage-two fadeInUp4 hidden visible animated fadeInUp delay-4 delay-3\"><div class=\"page-padding-w40\"><section class=\"page-container-regular1\"><div class=\"page-splitter-65_\"><div class=\"card-spage-zero\"><div class=\"text1\"><div class=\"card-block8-text-title colorpr2\"><p>Ses produits et marques offrent \u00e0 ses clients un vaste choix, les meilleurs prix.<\/p><p>Des produits de qualit\u00e9 : un atout de taille pour RIM COMMERCE, \u00e9l\u00e9ment de diff\u00e9renciation et d\u2019attractivit\u00e9 de son enseigne.<\/p><\/div><p>L\u2019offre propos\u00e9e est large pour la plus grande satisfaction des clients. Car l\u2019excellence des produits est une exigence l\u00e9gitime des clients. Une qualit\u00e9 irr\u00e9prochable qui fonde la pr\u00e9f\u00e9rence RIM COMMERCE.<\/p><p>En capitalisant sur son exp\u00e9rience et son expertise cumul\u00e9e au fil des ann\u00e9es, RIM COMMERCE a su assurer une offre de produits tendance, de haute qualit\u00e9, et respectant les normes en vigueur.<\/p><p>C\u2019est de cette mani\u00e8re que RIM COMMERCE a relev\u00e9 le challenge de d\u00e9velopper et p\u00e9renniser sa notori\u00e9t\u00e9 et sa cr\u00e9dibilit\u00e9 aupr\u00e8s des particuliers comme des professionnels, gr\u00e2ce \u00e0 une \u00e9coute de tous les instants et la proposition de solutions sur mesure.<\/p><\/div><\/div><\/div><\/section><\/div><\/div><\/div><\/div>\t\t\t\t\t\t\t\t<\/div>\n\t\t\t\t<\/div>\n\t\t\t\t\t<\/div>\n\t\t<\/div>\n\t\t\t\t<div class=\"elementor-column elementor-col-50 elementor-top-column elementor-element elementor-element-497e778 exad-glass-effect-no exad-sticky-section-no\" data-id=\"497e778\" data-element_type=\"column\">\n\t\t\t<div class=\"elementor-widget-wrap elementor-element-populated\">\n\t\t\t\t\t\t<div class=\"elementor-element elementor-element-ddc59b4 exad-sticky-section-no exad-glass-effect-no elementor-widget elementor-widget-image\" data-id=\"ddc59b4\" data-element_type=\"widget\" data-widget_type=\"image.default\">\n\t\t\t\t<div class=\"elementor-widget-container\">\n\t\t\t\t\t\t\t\t\t\t\t\t\t\t\t<img fetchpriority=\"high\" decoding=\"async\" width=\"569\" height=\"614\" src=\"https:\/\/yeshigroup.com\/yeshi\/wp-content\/uploads\/2025\/01\/RIM-COMMERCE.png\" class=\"attachment-large size-large wp-image-3024\" alt=\"\" srcset=\"https:\/\/yeshigroup.com\/yeshi\/wp-content\/uploads\/2025\/01\/RIM-COMMERCE.png 569w, https:\/\/yeshigroup.com\/yeshi\/wp-content\/uploads\/2025\/01\/RIM-COMMERCE-278x300.png 278w\" sizes=\"(max-width: 569px) 100vw, 569px\" \/>\t\t\t\t\t\t\t\t\t\t\t\t\t\t\t<\/div>\n\t\t\t\t<\/div>\n\t\t\t\t\t<\/div>\n\t\t<\/div>\n\t\t\t\t\t<\/div>\n\t\t<\/section>\n\t\t\t\t<section class=\"elementor-section elementor-top-section elementor-element elementor-element-40bd370 elementor-section-boxed elementor-section-height-default elementor-section-height-default exad-glass-effect-no wpr-particle-no wpr-jarallax-no wpr-parallax-no wpr-sticky-section-no exad-sticky-section-no\" data-id=\"40bd370\" data-element_type=\"section\" data-settings=\"{&quot;_ha_eqh_enable&quot;:false}\">\n\t\t\t\t\t\t<div class=\"elementor-container elementor-column-gap-default\">\n\t\t\t\t\t<div class=\"elementor-column elementor-col-100 elementor-top-column elementor-element elementor-element-e846320 exad-glass-effect-no exad-sticky-section-no\" data-id=\"e846320\" data-element_type=\"column\">\n\t\t\t<div class=\"elementor-widget-wrap elementor-element-populated\">\n\t\t\t\t\t\t<section class=\"elementor-section elementor-inner-section elementor-element elementor-element-04baa5f elementor-section-boxed elementor-section-height-default elementor-section-height-default exad-glass-effect-no wpr-particle-no wpr-jarallax-no wpr-parallax-no wpr-sticky-section-no exad-sticky-section-no\" data-id=\"04baa5f\" data-element_type=\"section\" data-settings=\"{&quot;_ha_eqh_enable&quot;:false}\">\n\t\t\t\t\t\t<div class=\"elementor-container elementor-column-gap-default\">\n\t\t\t\t\t<div class=\"elementor-column elementor-col-100 elementor-inner-column elementor-element elementor-element-31aa4dd exad-glass-effect-no exad-sticky-section-no\" data-id=\"31aa4dd\" data-element_type=\"column\">\n\t\t\t<div class=\"elementor-widget-wrap elementor-element-populated\">\n\t\t\t\t\t\t<div class=\"elementor-element elementor-element-7f2c545 elementor-widget-divider--view-line exad-sticky-section-no exad-glass-effect-no elementor-widget elementor-widget-divider\" data-id=\"7f2c545\" data-element_type=\"widget\" data-widget_type=\"divider.default\">\n\t\t\t\t<div class=\"elementor-widget-container\">\n\t\t\t\t\t\t\t<div class=\"elementor-divider\">\n\t\t\t<span class=\"elementor-divider-separator\">\n\t\t\t\t\t\t<\/span>\n\t\t<\/div>\n\t\t\t\t\t\t<\/div>\n\t\t\t\t<\/div>\n\t\t\t\t<div class=\"elementor-element elementor-element-3617247 exad-sticky-section-no exad-glass-effect-no elementor-widget elementor-widget-heading\" data-id=\"3617247\" data-element_type=\"widget\" data-widget_type=\"heading.default\">\n\t\t\t\t<div class=\"elementor-widget-container\">\n\t\t\t\t\t<h2 class=\"elementor-heading-title elementor-size-default\">Notre pr\u00e9sence<\/h2>\t\t\t\t<\/div>\n\t\t\t\t<\/div>\n\t\t\t\t<div class=\"elementor-element elementor-element-f24919a elementor-hidden-desktop elementor-hidden-tablet elementor-hidden-mobile exad-sticky-section-no exad-glass-effect-no elementor-widget elementor-widget-text-editor\" data-id=\"f24919a\" data-element_type=\"widget\" data-widget_type=\"text-editor.default\">\n\t\t\t\t<div class=\"elementor-widget-container\">\n\t\t\t\t\t\t\t\t\t<p>L\u2019enseigne est pr\u00e9sente dans 3 pays africains avec 5 \u00e9tablissements.<\/p>\t\t\t\t\t\t\t\t<\/div>\n\t\t\t\t<\/div>\n\t\t\t\t\t<\/div>\n\t\t<\/div>\n\t\t\t\t\t<\/div>\n\t\t<\/section>\n\t\t<div class=\"elementor-element elementor-element-8b9b406 e-con-full e-flex wpr-particle-no wpr-jarallax-no wpr-parallax-no wpr-sticky-section-no e-con e-parent\" data-id=\"8b9b406\" data-element_type=\"container\" data-settings=\"{&quot;_ha_eqh_enable&quot;:false}\">\n\t\t<div class=\"elementor-element elementor-element-c9ed3a4 e-con-full e-flex wpr-particle-no wpr-jarallax-no wpr-parallax-no wpr-sticky-section-no e-con e-child\" data-id=\"c9ed3a4\" data-element_type=\"container\" data-settings=\"{&quot;_ha_eqh_enable&quot;:false}\">\n\t\t\t\t<div class=\"elementor-element elementor-element-630fbe9 exad-sticky-section-no exad-glass-effect-no elementor-widget elementor-widget-image\" data-id=\"630fbe9\" data-element_type=\"widget\" data-widget_type=\"image.default\">\n\t\t\t\t<div class=\"elementor-widget-container\">\n\t\t\t\t\t\t\t\t\t\t\t\t\t\t\t<img decoding=\"async\" src=\"https:\/\/yeshigroup.com\/yeshi\/wp-content\/uploads\/2024\/08\/pix_page_societe_rimcommerce2.jpg\" title=\"\" alt=\"\" loading=\"lazy\" \/>\t\t\t\t\t\t\t\t\t\t\t\t\t\t\t<\/div>\n\t\t\t\t<\/div>\n\t\t\t\t<div class=\"elementor-element elementor-element-76dcfe4 exad-sticky-section-no exad-glass-effect-no elementor-widget elementor-widget-heading\" data-id=\"76dcfe4\" data-element_type=\"widget\" data-widget_type=\"heading.default\">\n\t\t\t\t<div class=\"elementor-widget-container\">\n\t\t\t\t\t<h6 class=\"elementor-heading-title elementor-size-default\"> RIM COMMERCE<\/h6>\t\t\t\t<\/div>\n\t\t\t\t<\/div>\n\t\t\t\t<div class=\"elementor-element elementor-element-d5b4505 elementor-widget__width-initial exad-sticky-section-no exad-glass-effect-no elementor-widget elementor-widget-text-editor\" data-id=\"d5b4505\" data-element_type=\"widget\" data-widget_type=\"text-editor.default\">\n\t\t\t\t<div class=\"elementor-widget-container\">\n\t\t\t\t\t\t\t\t\t<p>107 route c\u00f4ti\u00e8re 111, RDC ETG Ghazouane,<\/p><p>Mohammedia &#8211; Maroc (\u00e0 c\u00f4t\u00e9 de la SAMIR).<\/p><p>T\u00e9l : +212 5 23 32 99 52\/54<\/p><p>Fax : +212 5 23 32 99 32<\/p>\t\t\t\t\t\t\t\t<\/div>\n\t\t\t\t<\/div>\n\t\t\t\t<\/div>\n\t\t\t\t<\/div>\n\t\t\t\t\t<\/div>\n\t\t<\/div>\n\t\t\t\t\t<\/div>\n\t\t<\/section>\n\t\t\t\t<\/div>\n\t\t","protected":false},"excerpt":{"rendered":"<p>+6 000 Produits RIM COMMERCE Ses produits et marques offrent \u00e0 ses clients un vaste choix, les meilleurs prix. Des produits de qualit\u00e9 : un atout de taille pour RIM COMMERCE, \u00e9l\u00e9ment de diff\u00e9renciation et d\u2019attractivit\u00e9 de son enseigne. L\u2019offre propos\u00e9e est large pour la plus grande satisfaction des clients. Car l\u2019excellence des produits est une exigence l\u00e9gitime des clients. Une qualit\u00e9 irr\u00e9prochable qui fonde la pr\u00e9f\u00e9rence RIM COMMERCE. En capitalisant sur son exp\u00e9rience et son expertise cumul\u00e9e au fil des ann\u00e9es, RIM COMMERCE a su assurer une offre de produits tendance, de haute qualit\u00e9, et respectant les normes en vigueur. C\u2019est de cette mani\u00e8re que RIM COMMERCE a relev\u00e9 le challenge de d\u00e9velopper et p\u00e9renniser sa notori\u00e9t\u00e9 et sa cr\u00e9dibilit\u00e9 aupr\u00e8s des particuliers comme des professionnels, gr\u00e2ce \u00e0 une \u00e9coute de tous les instants et la proposition de solutions sur mesure. Notre pr\u00e9sence L\u2019enseigne est pr\u00e9sente dans 3 pays africains avec 5 \u00e9tablissements. RIM COMMERCE 107 route c\u00f4ti\u00e8re 111, RDC ETG Ghazouane, Mohammedia &#8211; Maroc (\u00e0 c\u00f4t\u00e9 de la SAMIR). T\u00e9l : +212 5 23 32 99 52\/54 Fax : +212 5 23 32 99 32<\/p>\n","protected":false},"author":5,"featured_media":0,"parent":0,"menu_order":0,"comment_status":"closed","ping_status":"closed","template":"elementor_header_footer","meta":{"_acf_changed":false,"site-sidebar-layout":"no-sidebar","site-content-layout":"page-builder","ast-site-content-layout":"","site-content-style":"default","site-sidebar-style":"default","ast-global-header-display":"","ast-banner-title-visibility":"","ast-main-header-display":"","ast-hfb-above-header-display":"","ast-hfb-below-header-display":"","ast-hfb-mobile-header-display":"","site-post-title":"disabled","ast-breadcrumbs-content":"","ast-featured-img":"disabled","footer-sml-layout":"","theme-transparent-header-meta":"","adv-header-id-meta":"","stick-header-meta":"","header-above-stick-meta":"","header-main-stick-meta":"","header-below-stick-meta":"","astra-migrate-meta-layouts":"default","ast-page-background-enabled":"default","ast-page-background-meta":{"desktop":{"background-color":"var(--ast-global-color-4)","background-image":"","background-repeat":"repeat","background-position":"center center","background-size":"auto","background-attachment":"scroll","background-type":"","background-media":"","overlay-type":"","overlay-color":"","overlay-opacity":"","overlay-gradient":""},"tablet":{"background-color":"","background-image":"","background-repeat":"repeat","background-position":"center center","background-size":"auto","background-attachment":"scroll","background-type":"","background-media":"","overlay-type":"","overlay-color":"","overlay-opacity":"","overlay-gradient":""},"mobile":{"background-color":"","background-image":"","background-repeat":"repeat","background-position":"center center","background-size":"auto","background-attachment":"scroll","background-type":"","background-media":"","overlay-type":"","overlay-color":"","overlay-opacity":"","overlay-gradient":""}},"ast-content-background-meta":{"desktop":{"background-color":"var(--ast-global-color-5)","background-image":"","background-repeat":"repeat","background-position":"center center","background-size":"auto","background-attachment":"scroll","background-type":"","background-media":"","overlay-type":"","overlay-color":"","overlay-opacity":"","overlay-gradient":""},"tablet":{"background-color":"var(--ast-global-color-5)","background-image":"","background-repeat":"repeat","background-position":"center center","background-size":"auto","background-attachment":"scroll","background-type":"","background-media":"","overlay-type":"","overlay-color":"","overlay-opacity":"","overlay-gradient":""},"mobile":{"background-color":"var(--ast-global-color-5)","background-image":"","background-repeat":"repeat","background-position":"center center","background-size":"auto","background-attachment":"scroll","background-type":"","background-media":"","overlay-type":"","overlay-color":"","overlay-opacity":"","overlay-gradient":""}},"footnotes":""},"class_list":["post-2171","page","type-page","status-publish","hentry"],"acf":[],"_links":{"self":[{"href":"https:\/\/yeshigroup.com\/yeshi\/wp-json\/wp\/v2\/pages\/2171","targetHints":{"allow":["GET"]}}],"collection":[{"href":"https:\/\/yeshigroup.com\/yeshi\/wp-json\/wp\/v2\/pages"}],"about":[{"href":"https:\/\/yeshigroup.com\/yeshi\/wp-json\/wp\/v2\/types\/page"}],"author":[{"embeddable":true,"href":"https:\/\/yeshigroup.com\/yeshi\/wp-json\/wp\/v2\/users\/5"}],"replies":[{"embeddable":true,"href":"https:\/\/yeshigroup.com\/yeshi\/wp-json\/wp\/v2\/comments?post=2171"}],"version-history":[{"count":30,"href":"https:\/\/yeshigroup.com\/yeshi\/wp-json\/wp\/v2\/pages\/2171\/revisions"}],"predecessor-version":[{"id":3387,"href":"https:\/\/yeshigroup.com\/yeshi\/wp-json\/wp\/v2\/pages\/2171\/revisions\/3387"}],"wp:attachment":[{"href":"https:\/\/yeshigroup.com\/yeshi\/wp-json\/wp\/v2\/media?parent=2171"}],"curies":[{"name":"wp","href":"https:\/\/api.w.org\/{rel}","templated":true}]}}